{"id":365,"date":"2023-11-27T17:45:27","date_gmt":"2023-11-27T17:45:27","guid":{"rendered":"https:\/\/ozdurantarim.com\/?post_type=product&#038;p=365"},"modified":"2023-11-27T17:47:59","modified_gmt":"2023-11-27T17:47:59","slug":"urun-1","status":"publish","type":"product","link":"https:\/\/ozdurantarim.com\/?product=urun-1","title":{"rendered":"\u00dcr\u00fcn 1"},"content":{"rendered":"<p>Cilt sa\u011fl\u0131\u011f\u0131n\u0131 korur, cildin canlanmas\u0131n\u0131 sa\u011flar,<br \/>\n\u2022Cildi toksinlerden ar\u0131nd\u0131r\u0131r,<br \/>\n\u2022Marulun ha\u015flama suyu ile egzamal\u0131 b\u00f6lgeye yap\u0131lan masaj egzamaya iyi gelir,<br \/>\n\u2022Etkili bir idrar s\u00f6kt\u00fcr\u00fcc\u00fcd\u00fcr,<br \/>\n\u2022Uyku sorunlar\u0131n\u0131 giderir,<br \/>\n\u2022Sa\u00e7 sa\u011fl\u0131\u011f\u0131 i\u00e7in gerekli olan minerallere sahiptir,<br \/>\n\u2022Protein deposudur,<br \/>\n\u2022Do\u011fal \u015feker i\u00e7erir,<br \/>\n\u2022Kans\u0131zl\u0131k ve demir eksikli\u011fine iyi gelir, demir bak\u0131m\u0131ndan zengindir,<br \/>\n\u2022Di\u011fer sebzelerden 3 kat daha fazla K vitamini i\u00e7erir,<br \/>\n\u2022Antioksidand\u0131r,<br \/>\n\u2022C vitamini bak\u0131m\u0131ndan zengindir,<br \/>\n\u2022\u00c7ok az ya\u011f ve kalori i\u00e7erdi\u011finden kilo vermeyi kolayla\u015ft\u0131r\u0131r,<br \/>\n\u2022Omega-3 ve Omega-6 i\u00e7erir,<br \/>\n\u2022Glisemik indeksi s\u0131f\u0131rd\u0131r, bu nedenle t\u00fcketimi kan \u015fekeri seviyelerini korumaya yard\u0131mc\u0131 olur,<br \/>\n\u2022Kalp ve damar sa\u011fl\u0131\u011f\u0131n\u0131 korumaya yard\u0131mc\u0131 olur<\/p>\n","protected":false},"excerpt":{"rendered":"<p>Do\u011fal ve \u00f6zenle yeti\u015ftirilmi\u015f \u00fcr\u00fcnlerimiz<\/p>\n","protected":false},"featured_media":348,"template":"","meta":[],"product_brand":[],"product_cat":[40,36,45,37,49,46,41,47,33,48,43,32,42,44],"product_tag":[],"class_list":{"0":"post-365","1":"product","2":"type-product","3":"status-publish","4":"has-post-thumbnail","6":"product_cat-akdeniz-marullari","7":"product_cat-bag-yesillikler","8":"product_cat-bitki-caylari","9":"product_cat-ege-otlari","10":"product_cat-gida-ve-sos","11":"product_cat-hazir-paketler","12":"product_cat-hazir-salatalar","13":"product_cat-mikro-filiz","14":"product_cat-mini-sebzeler","15":"product_cat-ozel-urunler","16":"product_cat-saksi-baharat","17":"product_cat-sebze","18":"product_cat-taze-baharat","19":"product_cat-yenilebilir-cicek","20":"clearfix","22":"first","23":"instock","24":"shipping-taxable","25":"product-type-simple"},"_links":{"self":[{"href":"https:\/\/ozdurantarim.com\/index.php?rest_route=\/wp\/v2\/product\/365","targetHints":{"allow":["GET"]}}],"collection":[{"href":"https:\/\/ozdurantarim.com\/index.php?rest_route=\/wp\/v2\/product"}],"about":[{"href":"https:\/\/ozdurantarim.com\/index.php?rest_route=\/wp\/v2\/types\/product"}],"wp:featuredmedia":[{"embeddable":true,"href":"https:\/\/ozdurantarim.com\/index.php?rest_route=\/wp\/v2\/media\/348"}],"wp:attachment":[{"href":"https:\/\/ozdurantarim.com\/index.php?rest_route=%2Fwp%2Fv2%2Fmedia&parent=365"}],"wp:term":[{"taxonomy":"product_brand","embeddable":true,"href":"https:\/\/ozdurantarim.com\/index.php?rest_route=%2Fwp%2Fv2%2Fproduct_brand&post=365"},{"taxonomy":"product_cat","embeddable":true,"href":"https:\/\/ozdurantarim.com\/index.php?rest_route=%2Fwp%2Fv2%2Fproduct_cat&post=365"},{"taxonomy":"product_tag","embeddable":true,"href":"https:\/\/ozdurantarim.com\/index.php?rest_route=%2Fwp%2Fv2%2Fproduct_tag&post=365"}],"curies":[{"name":"wp","href":"https:\/\/api.w.org\/{rel}","templated":true}]}}