{"id":489,"date":"2026-04-04T12:00:36","date_gmt":"2026-04-04T12:00:36","guid":{"rendered":"https:\/\/ozdurantarim.com\/?product=lavanta-cicegi"},"modified":"2026-04-04T12:00:36","modified_gmt":"2026-04-04T12:00:36","slug":"lavanta-cicegi","status":"publish","type":"product","link":"https:\/\/ozdurantarim.com\/?product=lavanta-cicegi","title":{"rendered":"Lavanta \u00c7i\u00e7e\u011fi"},"content":{"rendered":"","protected":false},"excerpt":{"rendered":"<p>Aromatik lavanta<\/p>\n","protected":false},"featured_media":0,"template":"","meta":[],"product_brand":[],"product_cat":[58],"product_tag":[59],"class_list":{"0":"post-489","1":"product","2":"type-product","3":"status-publish","5":"product_cat-taze-baharatlar","6":"product_tag-lavender","7":"clearfix","9":"first","10":"instock","11":"shipping-taxable","12":"purchasable","13":"product-type-simple"},"_links":{"self":[{"href":"https:\/\/ozdurantarim.com\/index.php?rest_route=\/wp\/v2\/product\/489","targetHints":{"allow":["GET"]}}],"collection":[{"href":"https:\/\/ozdurantarim.com\/index.php?rest_route=\/wp\/v2\/product"}],"about":[{"href":"https:\/\/ozdurantarim.com\/index.php?rest_route=\/wp\/v2\/types\/product"}],"wp:attachment":[{"href":"https:\/\/ozdurantarim.com\/index.php?rest_route=%2Fwp%2Fv2%2Fmedia&parent=489"}],"wp:term":[{"taxonomy":"product_brand","embeddable":true,"href":"https:\/\/ozdurantarim.com\/index.php?rest_route=%2Fwp%2Fv2%2Fproduct_brand&post=489"},{"taxonomy":"product_cat","embeddable":true,"href":"https:\/\/ozdurantarim.com\/index.php?rest_route=%2Fwp%2Fv2%2Fproduct_cat&post=489"},{"taxonomy":"product_tag","embeddable":true,"href":"https:\/\/ozdurantarim.com\/index.php?rest_route=%2Fwp%2Fv2%2Fproduct_tag&post=489"}],"curies":[{"name":"wp","href":"https:\/\/api.w.org\/{rel}","templated":true}]}}