{"id":500,"date":"2026-04-04T12:11:39","date_gmt":"2026-04-04T12:11:39","guid":{"rendered":"https:\/\/ozdurantarim.com\/?product=kabak-cicegi-2"},"modified":"2026-04-04T12:11:39","modified_gmt":"2026-04-04T12:11:39","slug":"kabak-cicegi-2","status":"publish","type":"product","link":"https:\/\/ozdurantarim.com\/?product=kabak-cicegi-2","title":{"rendered":"Kabak \u00c7i\u00e7e\u011fi"},"content":{"rendered":"<p>Kabak \u00e7i\u00e7e\u011fi \u00f6zellikle Akdeniz mutfa\u011f\u0131nda dolma ve k\u0131zartma olarak kullan\u0131l\u0131r. Yumu\u015fak dokusu ve hafif aromas\u0131 ile gurme tabaklarda tercih edilir.<\/p>\n","protected":false},"excerpt":{"rendered":"<p>Taze kabak \u00e7i\u00e7e\u011fi<\/p>\n","protected":false},"featured_media":0,"template":"","meta":[],"product_brand":[],"product_cat":[69],"product_tag":[70,52],"class_list":{"0":"post-500","1":"product","2":"type-product","3":"status-publish","5":"product_cat-klasik-cicekler","6":"product_tag-flower","7":"product_tag-zucchini","8":"clearfix","10":"first","11":"instock","12":"shipping-taxable","13":"purchasable","14":"product-type-simple"},"_links":{"self":[{"href":"https:\/\/ozdurantarim.com\/index.php?rest_route=\/wp\/v2\/product\/500","targetHints":{"allow":["GET"]}}],"collection":[{"href":"https:\/\/ozdurantarim.com\/index.php?rest_route=\/wp\/v2\/product"}],"about":[{"href":"https:\/\/ozdurantarim.com\/index.php?rest_route=\/wp\/v2\/types\/product"}],"wp:attachment":[{"href":"https:\/\/ozdurantarim.com\/index.php?rest_route=%2Fwp%2Fv2%2Fmedia&parent=500"}],"wp:term":[{"taxonomy":"product_brand","embeddable":true,"href":"https:\/\/ozdurantarim.com\/index.php?rest_route=%2Fwp%2Fv2%2Fproduct_brand&post=500"},{"taxonomy":"product_cat","embeddable":true,"href":"https:\/\/ozdurantarim.com\/index.php?rest_route=%2Fwp%2Fv2%2Fproduct_cat&post=500"},{"taxonomy":"product_tag","embeddable":true,"href":"https:\/\/ozdurantarim.com\/index.php?rest_route=%2Fwp%2Fv2%2Fproduct_tag&post=500"}],"curies":[{"name":"wp","href":"https:\/\/api.w.org\/{rel}","templated":true}]}}