{"id":501,"date":"2026-04-04T12:11:39","date_gmt":"2026-04-04T12:11:39","guid":{"rendered":"https:\/\/ozdurantarim.com\/?product=mor-menekse-2"},"modified":"2026-04-04T12:11:39","modified_gmt":"2026-04-04T12:11:39","slug":"mor-menekse-2","status":"publish","type":"product","link":"https:\/\/ozdurantarim.com\/?product=mor-menekse-2","title":{"rendered":"Mor Menek\u015fe"},"content":{"rendered":"<p>Mor menek\u015fe tatl\u0131lar, pastalar ve kokteyllerde dekoratif olarak kullan\u0131l\u0131r. Hafif \u00e7i\u00e7ek aromas\u0131 i\u00e7erir.<\/p>\n","protected":false},"excerpt":{"rendered":"<p>Tatl\u0131 dekor \u00e7i\u00e7e\u011fi<\/p>\n","protected":false},"featured_media":0,"template":"","meta":[],"product_brand":[],"product_cat":[69],"product_tag":[72,53],"class_list":{"0":"post-501","1":"product","2":"type-product","3":"status-publish","5":"product_cat-klasik-cicekler","6":"product_tag-dessert","7":"product_tag-violet","8":"clearfix","10":"first","11":"instock","12":"shipping-taxable","13":"purchasable","14":"product-type-simple"},"_links":{"self":[{"href":"https:\/\/ozdurantarim.com\/index.php?rest_route=\/wp\/v2\/product\/501","targetHints":{"allow":["GET"]}}],"collection":[{"href":"https:\/\/ozdurantarim.com\/index.php?rest_route=\/wp\/v2\/product"}],"about":[{"href":"https:\/\/ozdurantarim.com\/index.php?rest_route=\/wp\/v2\/types\/product"}],"wp:attachment":[{"href":"https:\/\/ozdurantarim.com\/index.php?rest_route=%2Fwp%2Fv2%2Fmedia&parent=501"}],"wp:term":[{"taxonomy":"product_brand","embeddable":true,"href":"https:\/\/ozdurantarim.com\/index.php?rest_route=%2Fwp%2Fv2%2Fproduct_brand&post=501"},{"taxonomy":"product_cat","embeddable":true,"href":"https:\/\/ozdurantarim.com\/index.php?rest_route=%2Fwp%2Fv2%2Fproduct_cat&post=501"},{"taxonomy":"product_tag","embeddable":true,"href":"https:\/\/ozdurantarim.com\/index.php?rest_route=%2Fwp%2Fv2%2Fproduct_tag&post=501"}],"curies":[{"name":"wp","href":"https:\/\/api.w.org\/{rel}","templated":true}]}}