{"id":502,"date":"2026-04-04T12:11:39","date_gmt":"2026-04-04T12:11:39","guid":{"rendered":"https:\/\/ozdurantarim.com\/?product=hodan-cicegi"},"modified":"2026-04-04T12:11:39","modified_gmt":"2026-04-04T12:11:39","slug":"hodan-cicegi","status":"publish","type":"product","link":"https:\/\/ozdurantarim.com\/?product=hodan-cicegi","title":{"rendered":"Hodan \u00c7i\u00e7e\u011fi"},"content":{"rendered":"<p>Hodan \u00e7i\u00e7e\u011fi taze salatalarda ve so\u011fuk tabaklarda kullan\u0131lan aromatik bir \u00e7i\u00e7ektir.<\/p>\n","protected":false},"excerpt":{"rendered":"<p>Gurme salata \u00e7i\u00e7e\u011fi<\/p>\n","protected":false},"featured_media":0,"template":"","meta":[],"product_brand":[],"product_cat":[73],"product_tag":[74,75],"class_list":{"0":"post-502","1":"product","2":"type-product","3":"status-publish","5":"product_cat-aromatik-cicekler","6":"product_tag-borage","7":"product_tag-salad","8":"clearfix","10":"first","11":"instock","12":"shipping-taxable","13":"purchasable","14":"product-type-simple"},"_links":{"self":[{"href":"https:\/\/ozdurantarim.com\/index.php?rest_route=\/wp\/v2\/product\/502","targetHints":{"allow":["GET"]}}],"collection":[{"href":"https:\/\/ozdurantarim.com\/index.php?rest_route=\/wp\/v2\/product"}],"about":[{"href":"https:\/\/ozdurantarim.com\/index.php?rest_route=\/wp\/v2\/types\/product"}],"wp:attachment":[{"href":"https:\/\/ozdurantarim.com\/index.php?rest_route=%2Fwp%2Fv2%2Fmedia&parent=502"}],"wp:term":[{"taxonomy":"product_brand","embeddable":true,"href":"https:\/\/ozdurantarim.com\/index.php?rest_route=%2Fwp%2Fv2%2Fproduct_brand&post=502"},{"taxonomy":"product_cat","embeddable":true,"href":"https:\/\/ozdurantarim.com\/index.php?rest_route=%2Fwp%2Fv2%2Fproduct_cat&post=502"},{"taxonomy":"product_tag","embeddable":true,"href":"https:\/\/ozdurantarim.com\/index.php?rest_route=%2Fwp%2Fv2%2Fproduct_tag&post=502"}],"curies":[{"name":"wp","href":"https:\/\/api.w.org\/{rel}","templated":true}]}}