{"id":503,"date":"2026-04-04T12:11:39","date_gmt":"2026-04-04T12:11:39","guid":{"rendered":"https:\/\/ozdurantarim.com\/?product=perilla-yapragi-2"},"modified":"2026-04-04T12:11:39","modified_gmt":"2026-04-04T12:11:39","slug":"perilla-yapragi-2","status":"publish","type":"product","link":"https:\/\/ozdurantarim.com\/?product=perilla-yapragi-2","title":{"rendered":"Perilla Yapra\u011f\u0131"},"content":{"rendered":"<p>Perilla yapra\u011f\u0131 \u00f6zellikle Japon ve Kore mutfa\u011f\u0131nda kullan\u0131lan g\u00fc\u00e7l\u00fc aromal\u0131 bir yaprakt\u0131r.<\/p>\n","protected":false},"excerpt":{"rendered":"<p>Asya mutfa\u011f\u0131 aromatik yaprak<\/p>\n","protected":false},"featured_media":0,"template":"","meta":[],"product_brand":[],"product_cat":[76],"product_tag":[77,56],"class_list":{"0":"post-503","1":"product","2":"type-product","3":"status-publish","5":"product_cat-yapraklar","6":"product_tag-asian","7":"product_tag-perilla","8":"clearfix","10":"first","11":"instock","12":"shipping-taxable","13":"purchasable","14":"product-type-simple"},"_links":{"self":[{"href":"https:\/\/ozdurantarim.com\/index.php?rest_route=\/wp\/v2\/product\/503","targetHints":{"allow":["GET"]}}],"collection":[{"href":"https:\/\/ozdurantarim.com\/index.php?rest_route=\/wp\/v2\/product"}],"about":[{"href":"https:\/\/ozdurantarim.com\/index.php?rest_route=\/wp\/v2\/types\/product"}],"wp:attachment":[{"href":"https:\/\/ozdurantarim.com\/index.php?rest_route=%2Fwp%2Fv2%2Fmedia&parent=503"}],"wp:term":[{"taxonomy":"product_brand","embeddable":true,"href":"https:\/\/ozdurantarim.com\/index.php?rest_route=%2Fwp%2Fv2%2Fproduct_brand&post=503"},{"taxonomy":"product_cat","embeddable":true,"href":"https:\/\/ozdurantarim.com\/index.php?rest_route=%2Fwp%2Fv2%2Fproduct_cat&post=503"},{"taxonomy":"product_tag","embeddable":true,"href":"https:\/\/ozdurantarim.com\/index.php?rest_route=%2Fwp%2Fv2%2Fproduct_tag&post=503"}],"curies":[{"name":"wp","href":"https:\/\/api.w.org\/{rel}","templated":true}]}}