{"id":504,"date":"2026-04-04T12:11:39","date_gmt":"2026-04-04T12:11:39","guid":{"rendered":"https:\/\/ozdurantarim.com\/?product=oxalis-yapragi-2"},"modified":"2026-04-04T12:11:39","modified_gmt":"2026-04-04T12:11:39","slug":"oxalis-yapragi-2","status":"publish","type":"product","link":"https:\/\/ozdurantarim.com\/?product=oxalis-yapragi-2","title":{"rendered":"Oxalis Yapra\u011f\u0131"},"content":{"rendered":"<p>Oxalis yapra\u011f\u0131 limon benzeri ek\u015fi aromas\u0131 ile gurme tabaklarda kullan\u0131l\u0131r.<\/p>\n","protected":false},"excerpt":{"rendered":"<p>Ek\u015fi aromal\u0131 yaprak<\/p>\n","protected":false},"featured_media":0,"template":"","meta":[],"product_brand":[],"product_cat":[76],"product_tag":[57,78],"class_list":{"0":"post-504","1":"product","2":"type-product","3":"status-publish","5":"product_cat-yapraklar","6":"product_tag-oxalis","7":"product_tag-sour","8":"clearfix","10":"first","11":"instock","12":"shipping-taxable","13":"purchasable","14":"product-type-simple"},"_links":{"self":[{"href":"https:\/\/ozdurantarim.com\/index.php?rest_route=\/wp\/v2\/product\/504","targetHints":{"allow":["GET"]}}],"collection":[{"href":"https:\/\/ozdurantarim.com\/index.php?rest_route=\/wp\/v2\/product"}],"about":[{"href":"https:\/\/ozdurantarim.com\/index.php?rest_route=\/wp\/v2\/types\/product"}],"wp:attachment":[{"href":"https:\/\/ozdurantarim.com\/index.php?rest_route=%2Fwp%2Fv2%2Fmedia&parent=504"}],"wp:term":[{"taxonomy":"product_brand","embeddable":true,"href":"https:\/\/ozdurantarim.com\/index.php?rest_route=%2Fwp%2Fv2%2Fproduct_brand&post=504"},{"taxonomy":"product_cat","embeddable":true,"href":"https:\/\/ozdurantarim.com\/index.php?rest_route=%2Fwp%2Fv2%2Fproduct_cat&post=504"},{"taxonomy":"product_tag","embeddable":true,"href":"https:\/\/ozdurantarim.com\/index.php?rest_route=%2Fwp%2Fv2%2Fproduct_tag&post=504"}],"curies":[{"name":"wp","href":"https:\/\/api.w.org\/{rel}","templated":true}]}}