{"id":506,"date":"2026-04-04T12:11:39","date_gmt":"2026-04-04T12:11:39","guid":{"rendered":"https:\/\/ozdurantarim.com\/?product=lavanta-cicegi-2"},"modified":"2026-04-04T12:11:39","modified_gmt":"2026-04-04T12:11:39","slug":"lavanta-cicegi-2","status":"publish","type":"product","link":"https:\/\/ozdurantarim.com\/?product=lavanta-cicegi-2","title":{"rendered":"Lavanta \u00c7i\u00e7e\u011fi"},"content":{"rendered":"<p>Lavanta \u00e7i\u00e7e\u011fi tatl\u0131lar, i\u00e7ecekler ve dekoratif sunumlarda kullan\u0131l\u0131r.<\/p>\n","protected":false},"excerpt":{"rendered":"<p>Aromatik lavanta<\/p>\n","protected":false},"featured_media":0,"template":"","meta":[],"product_brand":[],"product_cat":[81],"product_tag":[82,59],"class_list":{"0":"post-506","1":"product","2":"type-product","3":"status-publish","5":"product_cat-otlar","6":"product_tag-herb","7":"product_tag-lavender","8":"clearfix","10":"first","11":"instock","12":"shipping-taxable","13":"purchasable","14":"product-type-simple"},"_links":{"self":[{"href":"https:\/\/ozdurantarim.com\/index.php?rest_route=\/wp\/v2\/product\/506","targetHints":{"allow":["GET"]}}],"collection":[{"href":"https:\/\/ozdurantarim.com\/index.php?rest_route=\/wp\/v2\/product"}],"about":[{"href":"https:\/\/ozdurantarim.com\/index.php?rest_route=\/wp\/v2\/types\/product"}],"wp:attachment":[{"href":"https:\/\/ozdurantarim.com\/index.php?rest_route=%2Fwp%2Fv2%2Fmedia&parent=506"}],"wp:term":[{"taxonomy":"product_brand","embeddable":true,"href":"https:\/\/ozdurantarim.com\/index.php?rest_route=%2Fwp%2Fv2%2Fproduct_brand&post=506"},{"taxonomy":"product_cat","embeddable":true,"href":"https:\/\/ozdurantarim.com\/index.php?rest_route=%2Fwp%2Fv2%2Fproduct_cat&post=506"},{"taxonomy":"product_tag","embeddable":true,"href":"https:\/\/ozdurantarim.com\/index.php?rest_route=%2Fwp%2Fv2%2Fproduct_tag&post=506"}],"curies":[{"name":"wp","href":"https:\/\/api.w.org\/{rel}","templated":true}]}}