{"id":525,"date":"2026-04-04T12:41:24","date_gmt":"2026-04-04T12:41:24","guid":{"rendered":"https:\/\/ozdurantarim.com\/?product=mor-menekse-3"},"modified":"2026-04-04T12:41:24","modified_gmt":"2026-04-04T12:41:24","slug":"mor-menekse-3","status":"publish","type":"product","link":"https:\/\/ozdurantarim.com\/?product=mor-menekse-3","title":{"rendered":"Mor Menek\u015fe"},"content":{"rendered":"<p>Tatl\u0131 ve i\u00e7ecek s\u00fcslemelerinde kullan\u0131lan mor menek\u015fe.<\/p>\n","protected":false},"excerpt":{"rendered":"<p>Dekoratif menek\u015fe<\/p>\n","protected":false},"featured_media":0,"template":"","meta":[],"product_brand":[],"product_cat":[50],"product_tag":[72,53],"class_list":{"0":"post-525","1":"product","2":"type-product","3":"status-publish","5":"product_cat-yenilebilir-cicekler","6":"product_tag-dessert","7":"product_tag-violet","8":"clearfix","10":"first","11":"instock","12":"shipping-taxable","13":"purchasable","14":"product-type-simple"},"_links":{"self":[{"href":"https:\/\/ozdurantarim.com\/index.php?rest_route=\/wp\/v2\/product\/525","targetHints":{"allow":["GET"]}}],"collection":[{"href":"https:\/\/ozdurantarim.com\/index.php?rest_route=\/wp\/v2\/product"}],"about":[{"href":"https:\/\/ozdurantarim.com\/index.php?rest_route=\/wp\/v2\/types\/product"}],"wp:attachment":[{"href":"https:\/\/ozdurantarim.com\/index.php?rest_route=%2Fwp%2Fv2%2Fmedia&parent=525"}],"wp:term":[{"taxonomy":"product_brand","embeddable":true,"href":"https:\/\/ozdurantarim.com\/index.php?rest_route=%2Fwp%2Fv2%2Fproduct_brand&post=525"},{"taxonomy":"product_cat","embeddable":true,"href":"https:\/\/ozdurantarim.com\/index.php?rest_route=%2Fwp%2Fv2%2Fproduct_cat&post=525"},{"taxonomy":"product_tag","embeddable":true,"href":"https:\/\/ozdurantarim.com\/index.php?rest_route=%2Fwp%2Fv2%2Fproduct_tag&post=525"}],"curies":[{"name":"wp","href":"https:\/\/api.w.org\/{rel}","templated":true}]}}