{"id":529,"date":"2026-04-04T12:41:24","date_gmt":"2026-04-04T12:41:24","guid":{"rendered":"https:\/\/ozdurantarim.com\/?product=reyhan-cicegi-3"},"modified":"2026-04-04T12:41:24","modified_gmt":"2026-04-04T12:41:24","slug":"reyhan-cicegi-3","status":"publish","type":"product","link":"https:\/\/ozdurantarim.com\/?product=reyhan-cicegi-3","title":{"rendered":"Reyhan \u00c7i\u00e7e\u011fi"},"content":{"rendered":"<p>Akdeniz mutfa\u011f\u0131nda kullan\u0131lan g\u00fc\u00e7l\u00fc aromal\u0131 reyhan.<\/p>\n","protected":false},"excerpt":{"rendered":"<p>Aromatik reyhan<\/p>\n","protected":false},"featured_media":0,"template":"","meta":[],"product_brand":[],"product_cat":[58],"product_tag":[61],"class_list":{"0":"post-529","1":"product","2":"type-product","3":"status-publish","5":"product_cat-taze-baharatlar","6":"product_tag-basil","7":"clearfix","9":"first","10":"instock","11":"shipping-taxable","12":"purchasable","13":"product-type-simple"},"_links":{"self":[{"href":"https:\/\/ozdurantarim.com\/index.php?rest_route=\/wp\/v2\/product\/529","targetHints":{"allow":["GET"]}}],"collection":[{"href":"https:\/\/ozdurantarim.com\/index.php?rest_route=\/wp\/v2\/product"}],"about":[{"href":"https:\/\/ozdurantarim.com\/index.php?rest_route=\/wp\/v2\/types\/product"}],"wp:attachment":[{"href":"https:\/\/ozdurantarim.com\/index.php?rest_route=%2Fwp%2Fv2%2Fmedia&parent=529"}],"wp:term":[{"taxonomy":"product_brand","embeddable":true,"href":"https:\/\/ozdurantarim.com\/index.php?rest_route=%2Fwp%2Fv2%2Fproduct_brand&post=529"},{"taxonomy":"product_cat","embeddable":true,"href":"https:\/\/ozdurantarim.com\/index.php?rest_route=%2Fwp%2Fv2%2Fproduct_cat&post=529"},{"taxonomy":"product_tag","embeddable":true,"href":"https:\/\/ozdurantarim.com\/index.php?rest_route=%2Fwp%2Fv2%2Fproduct_tag&post=529"}],"curies":[{"name":"wp","href":"https:\/\/api.w.org\/{rel}","templated":true}]}}