{"id":532,"date":"2026-04-04T12:41:25","date_gmt":"2026-04-04T12:41:25","guid":{"rendered":"https:\/\/ozdurantarim.com\/?product=salatalik-filizi-2"},"modified":"2026-04-04T12:41:25","modified_gmt":"2026-04-04T12:41:25","slug":"salatalik-filizi-2","status":"publish","type":"product","link":"https:\/\/ozdurantarim.com\/?product=salatalik-filizi-2","title":{"rendered":"Salatal\u0131k Filizi"},"content":{"rendered":"<p>\u00c7\u0131t\u0131r yap\u0131l\u0131 salatal\u0131k filizi.<\/p>\n","protected":false},"excerpt":{"rendered":"<p>Taze filiz<\/p>\n","protected":false},"featured_media":0,"template":"","meta":[],"product_brand":[],"product_cat":[54],"product_tag":[80],"class_list":{"0":"post-532","1":"product","2":"type-product","3":"status-publish","5":"product_cat-mikro-yesillikler","6":"product_tag-sprout","7":"clearfix","9":"first","10":"instock","11":"shipping-taxable","12":"purchasable","13":"product-type-simple"},"_links":{"self":[{"href":"https:\/\/ozdurantarim.com\/index.php?rest_route=\/wp\/v2\/product\/532","targetHints":{"allow":["GET"]}}],"collection":[{"href":"https:\/\/ozdurantarim.com\/index.php?rest_route=\/wp\/v2\/product"}],"about":[{"href":"https:\/\/ozdurantarim.com\/index.php?rest_route=\/wp\/v2\/types\/product"}],"wp:attachment":[{"href":"https:\/\/ozdurantarim.com\/index.php?rest_route=%2Fwp%2Fv2%2Fmedia&parent=532"}],"wp:term":[{"taxonomy":"product_brand","embeddable":true,"href":"https:\/\/ozdurantarim.com\/index.php?rest_route=%2Fwp%2Fv2%2Fproduct_brand&post=532"},{"taxonomy":"product_cat","embeddable":true,"href":"https:\/\/ozdurantarim.com\/index.php?rest_route=%2Fwp%2Fv2%2Fproduct_cat&post=532"},{"taxonomy":"product_tag","embeddable":true,"href":"https:\/\/ozdurantarim.com\/index.php?rest_route=%2Fwp%2Fv2%2Fproduct_tag&post=532"}],"curies":[{"name":"wp","href":"https:\/\/api.w.org\/{rel}","templated":true}]}}