{"id":535,"date":"2026-04-04T12:41:25","date_gmt":"2026-04-04T12:41:25","guid":{"rendered":"https:\/\/ozdurantarim.com\/?product=cennet-kusu-3"},"modified":"2026-04-04T12:41:25","modified_gmt":"2026-04-04T12:41:25","slug":"cennet-kusu-3","status":"publish","type":"product","link":"https:\/\/ozdurantarim.com\/?product=cennet-kusu-3","title":{"rendered":"Cennet Ku\u015fu"},"content":{"rendered":"<p>Tropikal g\u00f6r\u00fcn\u00fcm\u00fcyle dekoratif \u00e7i\u00e7ek.<\/p>\n","protected":false},"excerpt":{"rendered":"<p>Egzotik \u00e7i\u00e7ek<\/p>\n","protected":false},"featured_media":0,"template":"","meta":[],"product_brand":[],"product_cat":[62],"product_tag":[85],"class_list":{"0":"post-535","1":"product","2":"type-product","3":"status-publish","5":"product_cat-egzotik-cicekler","6":"product_tag-strelitzia","7":"clearfix","9":"first","10":"instock","11":"shipping-taxable","12":"purchasable","13":"product-type-simple"},"_links":{"self":[{"href":"https:\/\/ozdurantarim.com\/index.php?rest_route=\/wp\/v2\/product\/535","targetHints":{"allow":["GET"]}}],"collection":[{"href":"https:\/\/ozdurantarim.com\/index.php?rest_route=\/wp\/v2\/product"}],"about":[{"href":"https:\/\/ozdurantarim.com\/index.php?rest_route=\/wp\/v2\/types\/product"}],"wp:attachment":[{"href":"https:\/\/ozdurantarim.com\/index.php?rest_route=%2Fwp%2Fv2%2Fmedia&parent=535"}],"wp:term":[{"taxonomy":"product_brand","embeddable":true,"href":"https:\/\/ozdurantarim.com\/index.php?rest_route=%2Fwp%2Fv2%2Fproduct_brand&post=535"},{"taxonomy":"product_cat","embeddable":true,"href":"https:\/\/ozdurantarim.com\/index.php?rest_route=%2Fwp%2Fv2%2Fproduct_cat&post=535"},{"taxonomy":"product_tag","embeddable":true,"href":"https:\/\/ozdurantarim.com\/index.php?rest_route=%2Fwp%2Fv2%2Fproduct_tag&post=535"}],"curies":[{"name":"wp","href":"https:\/\/api.w.org\/{rel}","templated":true}]}}