{"id":539,"date":"2026-04-04T12:41:25","date_gmt":"2026-04-04T12:41:25","guid":{"rendered":"https:\/\/ozdurantarim.com\/?product=mikro-roka"},"modified":"2026-04-04T12:41:25","modified_gmt":"2026-04-04T12:41:25","slug":"mikro-roka","status":"publish","type":"product","link":"https:\/\/ozdurantarim.com\/?product=mikro-roka","title":{"rendered":"Mikro Roka"},"content":{"rendered":"<p>Gurme salatalar i\u00e7in mikro roka yapra\u011f\u0131.<\/p>\n","protected":false},"excerpt":{"rendered":"<p>Ac\u0131 aromal\u0131 roka<\/p>\n","protected":false},"featured_media":0,"template":"","meta":[],"product_brand":[],"product_cat":[54],"product_tag":[90],"class_list":{"0":"post-539","1":"product","2":"type-product","3":"status-publish","5":"product_cat-mikro-yesillikler","6":"product_tag-arugula","7":"clearfix","9":"first","10":"instock","11":"shipping-taxable","12":"purchasable","13":"product-type-simple"},"_links":{"self":[{"href":"https:\/\/ozdurantarim.com\/index.php?rest_route=\/wp\/v2\/product\/539","targetHints":{"allow":["GET"]}}],"collection":[{"href":"https:\/\/ozdurantarim.com\/index.php?rest_route=\/wp\/v2\/product"}],"about":[{"href":"https:\/\/ozdurantarim.com\/index.php?rest_route=\/wp\/v2\/types\/product"}],"wp:attachment":[{"href":"https:\/\/ozdurantarim.com\/index.php?rest_route=%2Fwp%2Fv2%2Fmedia&parent=539"}],"wp:term":[{"taxonomy":"product_brand","embeddable":true,"href":"https:\/\/ozdurantarim.com\/index.php?rest_route=%2Fwp%2Fv2%2Fproduct_brand&post=539"},{"taxonomy":"product_cat","embeddable":true,"href":"https:\/\/ozdurantarim.com\/index.php?rest_route=%2Fwp%2Fv2%2Fproduct_cat&post=539"},{"taxonomy":"product_tag","embeddable":true,"href":"https:\/\/ozdurantarim.com\/index.php?rest_route=%2Fwp%2Fv2%2Fproduct_tag&post=539"}],"curies":[{"name":"wp","href":"https:\/\/api.w.org\/{rel}","templated":true}]}}